{"id":320,"date":"2024-11-06T23:14:14","date_gmt":"2024-11-06T23:14:14","guid":{"rendered":"https:\/\/www.aviators.at\/?page_id=320"},"modified":"2025-04-03T14:59:57","modified_gmt":"2025-04-03T14:59:57","slug":"impressum","status":"publish","type":"page","link":"https:\/\/www.aviators.at\/?page_id=320","title":{"rendered":"Impressum"},"content":{"rendered":"\n<p><strong>Angaben gem\u00e4\u00df \u00a7 5 ECG und \u00a7 25 MedienG:<\/strong><\/p>\n\n\n\n<p><strong>Unternehmen<\/strong>: Klaus Gutenberger Unternehmens- &amp; Verm\u00f6gensberatung<br><strong>Adresse<\/strong>: Rudolfstra\u00dfe 37, 4040 Linz<br><strong>Telefon<\/strong>: 0664 3389900<br><strong>E-Mail<\/strong>: h.c.clain@aviators.at<br><strong>Web<\/strong>: <a href=\"https:\/\/www.aviators.at\/\">www.aviators.at<\/a><\/p>\n\n\n\n<p><strong>Firmenbuchnummer<\/strong>: 21634s<br><strong>Firmenbuchgericht<\/strong>: BG Linz<br><strong>UID-Nummer<\/strong>: ATU58428188<\/p>\n\n\n\n<p><strong>Gesch\u00e4ftsf\u00fchrung<\/strong>: Klaus Gutenberger<\/p>\n\n\n\n<p><strong>Kammerzugeh\u00f6rigkeit<\/strong>: WKO\u00d6<br><strong>Berufsrechtliche Vorschriften<\/strong>: Konsesioniertes Gewerbe<\/p>\n\n\n\n<p><strong>Design &amp; Ausf\u00fchrung:&nbsp;<\/strong><a target=\"_blank\" rel=\"noreferrer noopener\">Christoph Handel<\/a><\/p>\n\n\n\n<p><strong>Disclaimer<\/strong><\/p>\n\n\n\n<p><strong>Inhalt des Onlineangebotes<br><\/strong>Der Autor \u00fcbernimmt keinerlei Gew\u00e4hr f\u00fcr die Aktualit\u00e4t, Korrektheit, Vollst\u00e4ndigkeit oder Qualit\u00e4t der bereitgestellten Informationen. Haftungsanspr\u00fcche gegen den Autor, welche sich auf Sch\u00e4den materieller oder ideeller Art beziehen, die durch die Nutzung oder Nichtnutzung der dargebotenen Informationen bzw. durch die Nutzung fehlerhafter und unvollst\u00e4ndiger Informationen verursacht wurden, sind grunds\u00e4tzlich ausgeschlossen, sofern seitens des Autors kein nachweislich vors\u00e4tzliches oder grob fahrl\u00e4ssiges Verschulden vorliegt. Alle Angebote sind freibleibend und unverbindlich. Der Autor beh\u00e4lt es sich ausdr\u00fccklich vor, Teile der Seiten oder das gesamte Angebot ohne gesonderte Ank\u00fcndigung zu ver\u00e4ndern, zu erg\u00e4nzen, zu l\u00f6schen oder die Ver\u00f6ffentlichung zeitweise oder endg\u00fcltig einzustellen.<\/p>\n\n\n\n<p><strong>Datenschutz<\/strong><br>Sofern innerhalb des Internetangebotes die M\u00f6glichkeit zur Eingabe pers\u00f6nlicher oder gesch\u00e4ftlicher Daten (Emailadressen, Namen, Anschriften) besteht, so erfolgt die Preisgabe dieser Daten seitens des Nutzers auf ausdr\u00fccklich freiwilliger Basis. Die Inanspruchnahme aller angebotenen Dienste ist \u2013 soweit technisch m\u00f6glich und zumutbar \u2013 auch ohne Angabe solcher Daten bzw. unter Angabe anonymisierter Daten oder eines Pseudonyms gestattet.<\/p>\n\n\n\n<p><strong>Verweise und Links<br><\/strong>Trotz sorgf\u00e4ltiger inhaltlicher Kontrolle \u00fcbernehmen wir keine Haftung f\u00fcr die Inhalte externer Links. F\u00fcr den Inhalt der verlinkten Seiten sind ausschlie\u00dflich deren Betreiber verantwortlich.<\/p>\n\n\n\n<p><strong>Rechtswirksamkeit dieses Haftungsausschlusses<\/strong><br>Dieser Haftungsausschluss ist als Teil des Internetangebotes zu betrachten, von dem aus auf diese Seite verwiesen wurde. Sofern Teile oder einzelne Formulierungen dieses Textes der geltenden Rechtslage nicht, nicht mehr oder nicht vollst\u00e4ndig entsprechen sollten, bleiben die \u00fcbrigen Teile des Dokumentes in ihrem Inhalt und ihrer G\u00fcltigkeit davon unber\u00fchrt.<\/p>\n","protected":false},"excerpt":{"rendered":"<p>Angaben gem\u00e4\u00df \u00a7 5 ECG und \u00a7 25 MedienG: Unternehmen: Klaus Gutenberger Unternehmens- &amp; Verm\u00f6gensberatungAdresse: Rudolfstra\u00dfe 37, 4040 LinzTelefon: 0664 3389900E-Mail: h.c.clain@aviators.atWeb: www.aviators.at Firmenbuchnummer: 21634sFirmenbuchgericht: BG LinzUID-Nummer: ATU58428188 Gesch\u00e4ftsf\u00fchrung: Klaus Gutenberger Kammerzugeh\u00f6rigkeit: WKO\u00d6Berufsrechtliche Vorschriften: Konsesioniertes Gewerbe Design &amp; Ausf\u00fchrung:&nbsp;Christoph Handel Disclaimer Inhalt des OnlineangebotesDer Autor \u00fcbernimmt keinerlei Gew\u00e4hr f\u00fcr die Aktualit\u00e4t, Korrektheit, Vollst\u00e4ndigkeit oder Qualit\u00e4t [&hellip;]<\/p>\n","protected":false},"author":2,"featured_media":0,"parent":0,"menu_order":0,"comment_status":"closed","ping_status":"closed","template":"","meta":{"footnotes":""},"class_list":["post-320","page","type-page","status-publish","hentry"],"_links":{"self":[{"href":"https:\/\/www.aviators.at\/index.php?rest_route=\/wp\/v2\/pages\/320","targetHints":{"allow":["GET"]}}],"collection":[{"href":"https:\/\/www.aviators.at\/index.php?rest_route=\/wp\/v2\/pages"}],"about":[{"href":"https:\/\/www.aviators.at\/index.php?rest_route=\/wp\/v2\/types\/page"}],"author":[{"embeddable":true,"href":"https:\/\/www.aviators.at\/index.php?rest_route=\/wp\/v2\/users\/2"}],"replies":[{"embeddable":true,"href":"https:\/\/www.aviators.at\/index.php?rest_route=%2Fwp%2Fv2%2Fcomments&post=320"}],"version-history":[{"count":4,"href":"https:\/\/www.aviators.at\/index.php?rest_route=\/wp\/v2\/pages\/320\/revisions"}],"predecessor-version":[{"id":404,"href":"https:\/\/www.aviators.at\/index.php?rest_route=\/wp\/v2\/pages\/320\/revisions\/404"}],"wp:attachment":[{"href":"https:\/\/www.aviators.at\/index.php?rest_route=%2Fwp%2Fv2%2Fmedia&parent=320"}],"curies":[{"name":"wp","href":"https:\/\/api.w.org\/{rel}","templated":true}]}}