{"id":26,"date":"2024-11-05T14:18:59","date_gmt":"2024-11-05T14:18:59","guid":{"rendered":"https:\/\/www.aviators.at\/?page_id=26"},"modified":"2025-04-03T15:14:22","modified_gmt":"2025-04-03T15:14:22","slug":"wohnungen","status":"publish","type":"page","link":"https:\/\/www.aviators.at\/?page_id=26","title":{"rendered":"Wohnungen"},"content":{"rendered":"\n<div class=\"wp-block-columns alignwide is-layout-flex wp-container-core-columns-is-layout-28f84493 wp-block-columns-is-layout-flex\">\n<div class=\"wp-block-column is-layout-flow wp-block-column-is-layout-flow\">\n<div class=\"wp-block-cover is-light wp-duotone-unset-1\"><span aria-hidden=\"true\" class=\"wp-block-cover__background has-background-dim-40 has-background-dim\" style=\"background-color:#998579\"><\/span><img decoding=\"async\" class=\"wp-block-cover__image-background wp-image-257\" alt=\"\" src=\"http:\/\/www.aviators.at\/wp-content\/uploads\/2024\/11\/Huebl_Partner_1180-Wien_Cottageviertel_Eigentumswohnungen_Park_09_Top20.jpg\" data-object-fit=\"cover\"\/><div class=\"wp-block-cover__inner-container is-layout-flow wp-block-cover-is-layout-flow\">\n<div class=\"wp-block-group has-global-padding is-layout-constrained wp-block-group-is-layout-constrained\">\n<p class=\"has-text-align-center has-text-color has-link-color has-large-font-size wp-elements-e9099a8386b5096cf3445feba41bd0c5\" style=\"color:#fefefe\"><strong>PARKSIDE GREEN&nbsp;<\/strong><\/p>\n\n\n\n<p class=\"has-text-align-center has-text-color has-link-color has-large-font-size wp-elements-c374ba48fe114b35d34a69477dd44bcf\" style=\"color:#fefefe\"><strong>RESIDENCES<\/strong><\/p>\n<\/div>\n<\/div><\/div>\n<\/div>\n\n\n\n<div class=\"wp-block-column is-vertically-aligned-center is-layout-flow wp-block-column-is-layout-flow\">\n<div class=\"wp-block-group is-vertical is-layout-flex wp-container-core-group-is-layout-36a442fe wp-block-group-is-layout-flex\" style=\"padding-right:0;padding-left:var(--wp--preset--spacing--30)\">\n<h3 class=\"wp-block-heading\">LEBEN IN EINEM DER BEGEHRTESTEN VIERTELN WIENS, IN 1180 W\u00c4HRINGER Cottage!<\/h3>\n\n\n\n<p><\/p>\n\n\n\n<p class=\"has-contrast-2-color has-text-color has-link-color wp-elements-d439cb70a12f1964d8c40ad4b4d0d4ab\"><strong>Wohnen &amp; Investieren direkt am Park.<\/strong><\/p>\n\n\n\n<p><\/p>\n\n\n\n<p>Unser Wohnbau-Projekt PARKSIDE GREEN RESIDENCES, mit 48 Wohnungen im Premium-Segment, ist auf sechs Gescho\u00dfe* in zwei Stiegen aufgeteilt.<\/p>\n<\/div>\n<\/div>\n<\/div>\n\n\n\n<hr class=\"wp-block-separator has-alpha-channel-opacity\" style=\"margin-top:var(--wp--preset--spacing--50);margin-bottom:var(--wp--preset--spacing--50)\"\/>\n\n\n\n<figure class=\"wp-block-gallery alignfull has-nested-images columns-5 is-cropped wp-block-gallery-2 is-layout-flex wp-block-gallery-is-layout-flex\">\n<figure class=\"wp-block-image size-large\"><img decoding=\"async\" data-id=\"267\" src=\"https:\/\/www.aviators.at\/wp-content\/uploads\/2024\/11\/Huebl_Partner_1180-Wien_Cottageviertel_Eigentumswohnungen_Park_AGG01_Garten_FIN-1024x682.jpg\" alt=\"\" class=\"wp-image-267\"\/><\/figure>\n\n\n\n<figure class=\"wp-block-image size-large\"><img decoding=\"async\" data-id=\"259\" src=\"https:\/\/www.aviators.at\/wp-content\/uploads\/2024\/11\/innen-1024x683.jpg\" alt=\"\" class=\"wp-image-259\"\/><\/figure>\n\n\n\n<figure class=\"wp-block-image size-large\"><img loading=\"lazy\" decoding=\"async\" width=\"1024\" height=\"576\" data-id=\"262\" src=\"https:\/\/www.aviators.at\/wp-content\/uploads\/2024\/11\/oben-1024x576.jpg\" alt=\"\" class=\"wp-image-262\" srcset=\"https:\/\/www.aviators.at\/wp-content\/uploads\/2024\/11\/oben-1024x576.jpg 1024w, https:\/\/www.aviators.at\/wp-content\/uploads\/2024\/11\/oben-300x169.jpg 300w, https:\/\/www.aviators.at\/wp-content\/uploads\/2024\/11\/oben-768x432.jpg 768w, https:\/\/www.aviators.at\/wp-content\/uploads\/2024\/11\/oben-1536x864.jpg 1536w, https:\/\/www.aviators.at\/wp-content\/uploads\/2024\/11\/oben.jpg 1920w\" sizes=\"auto, (max-width: 1024px) 100vw, 1024px\" \/><\/figure>\n\n\n\n<figure class=\"wp-block-image size-large\"><img loading=\"lazy\" decoding=\"async\" width=\"1024\" height=\"682\" data-id=\"265\" src=\"https:\/\/www.aviators.at\/wp-content\/uploads\/2024\/11\/Huebl_Partner_1180-Wien_Cottageviertel_Eigentumswohnungen_Park_AGG_TOP01_SZ_FIN-1024x682.jpg\" alt=\"\" class=\"wp-image-265\" srcset=\"https:\/\/www.aviators.at\/wp-content\/uploads\/2024\/11\/Huebl_Partner_1180-Wien_Cottageviertel_Eigentumswohnungen_Park_AGG_TOP01_SZ_FIN-1024x682.jpg 1024w, https:\/\/www.aviators.at\/wp-content\/uploads\/2024\/11\/Huebl_Partner_1180-Wien_Cottageviertel_Eigentumswohnungen_Park_AGG_TOP01_SZ_FIN-300x200.jpg 300w, https:\/\/www.aviators.at\/wp-content\/uploads\/2024\/11\/Huebl_Partner_1180-Wien_Cottageviertel_Eigentumswohnungen_Park_AGG_TOP01_SZ_FIN-768x512.jpg 768w, https:\/\/www.aviators.at\/wp-content\/uploads\/2024\/11\/Huebl_Partner_1180-Wien_Cottageviertel_Eigentumswohnungen_Park_AGG_TOP01_SZ_FIN.jpg 1280w\" sizes=\"auto, (max-width: 1024px) 100vw, 1024px\" \/><\/figure>\n\n\n\n<figure class=\"wp-block-image size-large\"><img loading=\"lazy\" decoding=\"async\" width=\"1024\" height=\"683\" data-id=\"263\" src=\"https:\/\/www.aviators.at\/wp-content\/uploads\/2024\/11\/AGG_TOP27_WK_Huebl_Partner_1180-Wien_Cottageviertel_Eigentumswohnungen_Park-scaled-1-1024x683.jpg\" alt=\"\" class=\"wp-image-263\" srcset=\"https:\/\/www.aviators.at\/wp-content\/uploads\/2024\/11\/AGG_TOP27_WK_Huebl_Partner_1180-Wien_Cottageviertel_Eigentumswohnungen_Park-scaled-1-1024x683.jpg 1024w, https:\/\/www.aviators.at\/wp-content\/uploads\/2024\/11\/AGG_TOP27_WK_Huebl_Partner_1180-Wien_Cottageviertel_Eigentumswohnungen_Park-scaled-1-300x200.jpg 300w, https:\/\/www.aviators.at\/wp-content\/uploads\/2024\/11\/AGG_TOP27_WK_Huebl_Partner_1180-Wien_Cottageviertel_Eigentumswohnungen_Park-scaled-1-768x512.jpg 768w, https:\/\/www.aviators.at\/wp-content\/uploads\/2024\/11\/AGG_TOP27_WK_Huebl_Partner_1180-Wien_Cottageviertel_Eigentumswohnungen_Park-scaled-1-1536x1024.jpg 1536w, https:\/\/www.aviators.at\/wp-content\/uploads\/2024\/11\/AGG_TOP27_WK_Huebl_Partner_1180-Wien_Cottageviertel_Eigentumswohnungen_Park-scaled-1-2048x1366.jpg 2048w\" sizes=\"auto, (max-width: 1024px) 100vw, 1024px\" \/><\/figure>\n\n\n\n<figure class=\"wp-block-image size-large\"><img loading=\"lazy\" decoding=\"async\" width=\"1024\" height=\"820\" data-id=\"264\" src=\"https:\/\/www.aviators.at\/wp-content\/uploads\/2024\/11\/aussen2-1024x820.jpg\" alt=\"\" class=\"wp-image-264\" srcset=\"https:\/\/www.aviators.at\/wp-content\/uploads\/2024\/11\/aussen2-1024x820.jpg 1024w, https:\/\/www.aviators.at\/wp-content\/uploads\/2024\/11\/aussen2-300x240.jpg 300w, https:\/\/www.aviators.at\/wp-content\/uploads\/2024\/11\/aussen2-768x615.jpg 768w, https:\/\/www.aviators.at\/wp-content\/uploads\/2024\/11\/aussen2-1536x1231.jpg 1536w, https:\/\/www.aviators.at\/wp-content\/uploads\/2024\/11\/aussen2-2048x1641.jpg 2048w\" sizes=\"auto, (max-width: 1024px) 100vw, 1024px\" \/><\/figure>\n\n\n\n<figure class=\"wp-block-image size-large\"><img loading=\"lazy\" decoding=\"async\" width=\"1024\" height=\"682\" data-id=\"266\" src=\"https:\/\/www.aviators.at\/wp-content\/uploads\/2024\/11\/Huebl_Partner_1180-Wien_Cottageviertel_Eigentumswohnungen_Park_AGG_TOP18_WK_FIN-1024x682.jpg\" alt=\"\" class=\"wp-image-266\" srcset=\"https:\/\/www.aviators.at\/wp-content\/uploads\/2024\/11\/Huebl_Partner_1180-Wien_Cottageviertel_Eigentumswohnungen_Park_AGG_TOP18_WK_FIN-1024x682.jpg 1024w, https:\/\/www.aviators.at\/wp-content\/uploads\/2024\/11\/Huebl_Partner_1180-Wien_Cottageviertel_Eigentumswohnungen_Park_AGG_TOP18_WK_FIN-300x200.jpg 300w, https:\/\/www.aviators.at\/wp-content\/uploads\/2024\/11\/Huebl_Partner_1180-Wien_Cottageviertel_Eigentumswohnungen_Park_AGG_TOP18_WK_FIN-768x512.jpg 768w, https:\/\/www.aviators.at\/wp-content\/uploads\/2024\/11\/Huebl_Partner_1180-Wien_Cottageviertel_Eigentumswohnungen_Park_AGG_TOP18_WK_FIN.jpg 1280w\" sizes=\"auto, (max-width: 1024px) 100vw, 1024px\" \/><\/figure>\n\n\n\n<figure class=\"wp-block-image size-large\"><img decoding=\"async\" data-id=\"260\" src=\"https:\/\/www.aviators.at\/wp-content\/uploads\/2024\/11\/innen1-1024x683.jpg\" alt=\"\" class=\"wp-image-260\"\/><\/figure>\n\n\n\n<figure class=\"wp-block-image size-large\"><img decoding=\"async\" data-id=\"268\" src=\"https:\/\/www.aviators.at\/wp-content\/uploads\/2024\/11\/innen1-1-1024x683.jpg\" alt=\"\" class=\"wp-image-268\"\/><\/figure>\n<\/figure>\n\n\n\n<figure class=\"wp-block-pullquote alignfull has-text-align-center is-style-plain has-base-background-color has-background has-medium-font-size\" style=\"margin-top:0;margin-right:0;margin-bottom:0;margin-left:0;padding-top:var(--wp--preset--spacing--20);padding-right:0;padding-bottom:var(--wp--preset--spacing--20);padding-left:0\"><blockquote><p>&#8222;Die unique Position ist ein Garant f\u00fcr ein\u00a0\u00fcberdurchschnittliches Wertsteigerungspotential, was die Wohnungen f\u00fcr<br>Privatpersonen und Anleger gleicherma\u00dfen attraktiv macht.<br><br>Was z\u00e4hlt, ist die Lage, die Lage, die Lage!&#8220;<\/p><cite>H\u00fcbl &amp; Partner<\/cite><\/blockquote><\/figure>\n\n\n\n<hr class=\"wp-block-separator alignfull has-alpha-channel-opacity\" style=\"margin-top:var(--wp--preset--spacing--50);margin-bottom:var(--wp--preset--spacing--50)\"\/>\n\n\n\n<div data-wp-interactive=\"core\/file\" class=\"wp-block-file aligncenter\"><object data-wp-bind--hidden=\"!state.hasPdfPreview\" hidden class=\"wp-block-file__embed\" data=\"https:\/\/www.aviators.at\/wp-content\/uploads\/2025\/04\/Folder_Parkside-Green-Residences_Klaus-Gutenberger_fuer_Druck-komprimiert.pdf\" type=\"application\/pdf\" style=\"width:100%;height:600px\" aria-label=\"Einbettung von Kundenfolder.\"><\/object><a id=\"wp-block-file--media-2c7af8d5-df09-42bf-8e2d-d9e87607b421\" href=\"https:\/\/www.aviators.at\/wp-content\/uploads\/2025\/04\/Folder_Parkside-Green-Residences_Klaus-Gutenberger_fuer_Druck-komprimiert.pdf\">Kundenfolder<\/a><a href=\"https:\/\/www.aviators.at\/wp-content\/uploads\/2025\/04\/Folder_Parkside-Green-Residences_Klaus-Gutenberger_fuer_Druck-komprimiert.pdf\" class=\"wp-block-file__button wp-element-button\" download aria-describedby=\"wp-block-file--media-2c7af8d5-df09-42bf-8e2d-d9e87607b421\">Herunterladen<\/a><\/div>\n\n\n\n<p><\/p>\n","protected":false},"excerpt":{"rendered":"<p>LEBEN IN EINEM DER BEGEHRTESTEN VIERTELN WIENS, IN 1180 W\u00c4HRINGER Cottage! Wohnen &amp; Investieren direkt am Park. Unser Wohnbau-Projekt PARKSIDE GREEN RESIDENCES, mit 48 Wohnungen im Premium-Segment, ist auf sechs Gescho\u00dfe* in zwei Stiegen aufgeteilt. &#8222;Die unique Position ist ein Garant f\u00fcr ein\u00a0\u00fcberdurchschnittliches Wertsteigerungspotential, was die Wohnungen f\u00fcrPrivatpersonen und Anleger gleicherma\u00dfen attraktiv macht. Was z\u00e4hlt, [&hellip;]<\/p>\n","protected":false},"author":2,"featured_media":0,"parent":0,"menu_order":0,"comment_status":"closed","ping_status":"closed","template":"","meta":{"footnotes":""},"class_list":["post-26","page","type-page","status-publish","hentry"],"_links":{"self":[{"href":"https:\/\/www.aviators.at\/index.php?rest_route=\/wp\/v2\/pages\/26","targetHints":{"allow":["GET"]}}],"collection":[{"href":"https:\/\/www.aviators.at\/index.php?rest_route=\/wp\/v2\/pages"}],"about":[{"href":"https:\/\/www.aviators.at\/index.php?rest_route=\/wp\/v2\/types\/page"}],"author":[{"embeddable":true,"href":"https:\/\/www.aviators.at\/index.php?rest_route=\/wp\/v2\/users\/2"}],"replies":[{"embeddable":true,"href":"https:\/\/www.aviators.at\/index.php?rest_route=%2Fwp%2Fv2%2Fcomments&post=26"}],"version-history":[{"count":19,"href":"https:\/\/www.aviators.at\/index.php?rest_route=\/wp\/v2\/pages\/26\/revisions"}],"predecessor-version":[{"id":409,"href":"https:\/\/www.aviators.at\/index.php?rest_route=\/wp\/v2\/pages\/26\/revisions\/409"}],"wp:attachment":[{"href":"https:\/\/www.aviators.at\/index.php?rest_route=%2Fwp%2Fv2%2Fmedia&parent=26"}],"curies":[{"name":"wp","href":"https:\/\/api.w.org\/{rel}","templated":true}]}}